{"id":521,"date":"2026-02-06T18:43:36","date_gmt":"2026-02-06T18:43:36","guid":{"rendered":"https:\/\/www.farmaciatrerotola.it\/online\/?post_type=product&#038;p=521"},"modified":"2026-02-06T18:43:41","modified_gmt":"2026-02-06T18:43:41","slug":"finast","status":"publish","type":"product","link":"https:\/\/www.farmaciatrerotola.it\/online\/product\/finast\/","title":{"rendered":"Finast"},"content":{"rendered":"<h1>Finast \u2014 Foglio Informativo Professionale<\/h1>\n<h2>Indicazioni terapeutiche<\/h2>\n<p>Finast (finasteride) \u00e8 indicato per:<\/p>\n<ul>\n<li>Ipertrofia prostatica benigna (IPB) sintomatica e prevenzione della progressione in uomini adulti (posologia 5 mg\/die).<\/li>\n<li>Alopecia androgenetica maschile (calvizie maschile) negli uomini adulti per promuovere la ricrescita dei capelli e prevenire l\u2019ulteriore perdita (posologia 1 mg\/die).<\/li>\n<\/ul>\n<p>Non \u00e8 indicato per uso femminile, pediatrici o per cure estetiche non correlate a diagnosi medica documentata.<\/p>\n<h2>Meccanismo d&#8217;azione<\/h2>\n<p>Finasteride \u00e8 un inibitore selettivo della 5\u03b1-reduttasi tipo II. Inibisce la conversione del testosterone in diidrotestosterone (DHT), ormone che promuove l&#8217;ipertrofia prostatiche e la miniaturizzazione dei follicoli piliferi nel cuoio capelluto. La riduzione dei livelli tissutali e sierici di DHT determina una riduzione del volume prostatico e un rallentamento\/arresto della perdita dei capelli con possibile ricrescita nei siti androgeno-sensibili.<\/p>\n<h2>Posologia e somministrazione<\/h2>\n<p>Somministrazione generale: una compressa per via orale una volta al giorno, con o senza cibo. Assumere alla stessa ora ogni giorno. In caso di mancata dose, assumere non appena se ne ricorda; non raddoppiare la dose il giorno successivo.<\/p>\n<table>\n<thead>\n<tr>\n<th>Indicazione<\/th>\n<th>Dosaggio raccomandato<\/th>\n<th>Durata minima di valutazione<\/th>\n<\/tr>\n<\/thead>\n<tbody>\n<tr>\n<td>Alopecia androgenetica maschile<\/td>\n<td>Finast 1 mg: 1 compressa al giorno<\/td>\n<td>Valutare risposta dopo 3\u20136 mesi; trattamento continuo per mantenimento<\/td>\n<\/tr>\n<tr>\n<td>Ipertrofia prostatica benigna (IPB)<\/td>\n<td>Finast 5 mg: 1 compressa al giorno<\/td>\n<td>Richiesto trattamento prolungato; miglioramento clinico osservabile 3\u20136 mesi<\/td>\n<\/tr>\n<\/tbody>\n<\/table>\n<p>Note pratiche:<\/p>\n<ul>\n<li>Non masticare o polverizzare le compresse al fine di evitare esposizione cutanea o ad aerosol nelle donne in gravidanza.<\/li>\n<li>Non \u00e8 necessario l\u2019aggiustamento del dosaggio in insufficienza renale lieve-moderata.<\/li>\n<li>In pazienti con compromissione epatica significativa usare con cautela; monitorare le transaminasi e valutare rischi\/benefici.<\/li>\n<li>Nei pazienti che utilizzano Finast per IPB, l\u2019uso concomitante di un alfa-bloccante pu\u00f2 essere valutato dal medico per un controllo pi\u00f9 rapido dei sintomi.<\/li>\n<\/ul>\n<h2>Inizio e durata dell\u2019effetto<\/h2>\n<table>\n<thead>\n<tr>\n<th>Effetto clinico<\/th>\n<th>Tempo di inizio tipico<\/th>\n<th>Durata\/nota<\/th>\n<\/tr>\n<\/thead>\n<tbody>\n<tr>\n<td>Riduzione DHT sierico<\/td>\n<td>1\u20132 giorni<\/td>\n<td>Massima riduzione osservata entro 2 settimane; mantenuta durante l\u2019assunzione<\/td>\n<\/tr>\n<tr>\n<td>Alleviamento sintomi IPB<\/td>\n<td>3\u20136 mesi<\/td>\n<td>Miglioramento continuo fino a 12 mesi; effetti persistono solo con terapia continuativa<\/td>\n<\/tr>\n<tr>\n<td>Ricrescita capelli (alopecia)<\/td>\n<td>3\u20136 mesi (evidenza clinica)<\/td>\n<td>Risultati massimi dopo ~12 mesi; perdita ricompare gradualmente entro 12 mesi dalla sospensione<\/td>\n<\/tr>\n<tr>\n<td>Riduzione PSA<\/td>\n<td>Circa 6 mesi<\/td>\n<td>PSA pu\u00f2 ridursi fino al ~50%; interpretazione del PSA richiede aggiustamento in pazienti trattati<\/td>\n<\/tr>\n<\/tbody>\n<\/table>\n<p>La continuit\u00e0 della terapia \u00e8 necessaria per mantenere gli effetti clinici. Alla sospensione i livelli di DHT ritornano ai valori basali in mesi e i benefici clinici si perdono progressivamente.<\/p>\n<h2>Farmacocinetica<\/h2>\n<p>Assorbimento: buon assorbimento orale. Tmax: 1\u20132 ore.<\/p>\n<p>Distribuzione: elevato legame alle proteine plasmatiche (circa 90\u201393%).<\/p>\n<p>Metabolismo: metabolizzato principalmente epaticamente tramite il sistema enzimatico (incluso CYP3A4); forma metaboliti inattivi.<\/p>\n<p>Eliminazione: escrezione dei metaboliti attraverso urine ed emissioni fecali. Emivita plasmatica terminale: circa 6\u20138 ore negli uomini adulti; l\u2019emivita pu\u00f2 essere prolungata negli anziani.<\/p>\n<p>Note cliniche di farmacocinetica:<\/p>\n<ul>\n<li>Non \u00e8 significativamente eliminabile mediante emodialisi.<\/li>\n<li>Insufficienza renale lieve-moderata non richiede aggiustamento, mentre in insufficienza epatica significativa la farmacocinetica pu\u00f2 variare e richiedere attenzione clinica.<\/li>\n<\/ul>\n<h2>Interazioni farmacologiche<\/h2>\n<p>Finasteride ha un profilo di interazioni limitato ma va valutata la co-somministrazione con alcuni farmaci o condizioni che possono influenzarne l\u2019efficacia o l\u2019interpretazione degli esami.<\/p>\n<table>\n<thead>\n<tr>\n<th>Farmaco\/Fattore<\/th>\n<th>Tipo di interazione<\/th>\n<th>Impatto clinico<\/th>\n<\/tr>\n<\/thead>\n<tbody>\n<tr>\n<td>Inibitori\/induttori CYP3A4 (es. ketoconazolo, ritonavir, rifampicina)<\/td>\n<td>Possibile alterazione del metabolismo<\/td>\n<td>Potenziale aumento o riduzione delle concentrazioni di finasteride; monitorare risposta clinica e effetti avversi<\/td>\n<\/tr>\n<tr>\n<td>Alfa-bloccanti (es. tamsulosina, doxazosina)<\/td>\n<td>Interazione farmacodinamica<\/td>\n<td>Uso combinato pu\u00f2 migliorare i sintomi dell\u2019IPB; monitorare pressione arteriosa e sintomi<\/td>\n<\/tr>\n<tr>\n<td>Preparati a base di Serenoa repens (saw palmetto)<\/td>\n<td>Possibile effetto sinergico<\/td>\n<td>Non raccomandato senza supervisione medica; potenziale incremento degli effetti antiandrogeni<\/td>\n<\/tr>\n<tr>\n<td>Esami PSA<\/td>\n<td>Interferenza diagnostica<\/td>\n<td>Finasteride riduce i livelli di PSA; correggere i valori osservati (circa raddoppiare il PSA misurato dopo almeno 6 mesi di terapia) per valutazione del rischio di carcinoma prostatico<\/td>\n<\/tr>\n<\/tbody>\n<\/table>\n<p>Segnalare sempre al medico tutti i medicinali in uso, compresi fitoterapici e integratori.<\/p>\n<h2>Effetti indesiderati<\/h2>\n<p>Gli effetti indesiderati pi\u00f9 comuni sono di natura sessuale. Frequenze basate su studi clinici:<\/p>\n<ul>\n<li>Disturbi della funzione sessuale: diminuzione della libido, disfunzione erettile, riduzione del volume dell&#8217;eiaculato (pu\u00f2 essere reversibile dopo sospensione ma sono stati riportati casi di persistenza).<\/li>\n<li>Alterazioni mammarie: dolore al seno, ipertrofia mammaria, secrezione o noduli \u2014 segnalare immediatamente al medico.<\/li>\n<li>Reazioni di ipersensibilit\u00e0: eruzione cutanea, orticaria, prurito, edema facciale o delle labbra \u2014 richiedono sospensione e valutazione medica.<\/li>\n<li>Alterazioni degli esami di laboratorio: variazione delle transaminasi epatiche in rari casi.<\/li>\n<li>Effetti psicologici: casi isolati di depressione e alterazioni dell&#8217;umore sono stati riportati; monitorare sintomi depressivi.<\/li>\n<\/ul>\n<p>Segnalazione di eventi rari ma gravi:<\/p>\n<ul>\n<li>Alcuni studi hanno segnalato un cambiamento nel profilo dei tumori prostatici diagnostici (riduzione dell\u2019incidenza complessiva ma possibile aumento relativo di tumori ad alto grado alla diagnosi); la rilevanza clinica richiede valutazione urologica.<\/li>\n<li>Sindrome post-finasteride: segnalazioni di disfunzioni sessuali persistenti e altri sintomi dopo sospensione; sebbene la causalit\u00e0 sia oggetto di studio, informare il paziente e monitorare attentamente.<\/li>\n<\/ul>\n<h2>Popolazioni speciali<\/h2>\n<ul>\n<li>Donne in gravidanza: controindicate. Finasteride pu\u00f2 causare anomalie genitali nei feti maschi. Le donne in et\u00e0 fertile non devono assumere Finast e devono evitare il contatto con compresse frantumate o polverizzate. In caso di esposizione accidentale, consultare immediatamente il medico.<\/li>\n<li>Donne non in gravidanza: non \u00e8 indicato; non usare in donne in et\u00e0 fertile o in gravidanza.<\/li>\n<li>Pediatria: non indicato nei bambini e negli adolescenti.<\/li>\n<li>Anziani: non \u00e8 necessario un aggiustamento di dose basato sull&#8217;et\u00e0, ma la farmacocinetica pu\u00f2 variare; monitorare la funzione epatica e gli effetti clinici.<\/li>\n<li>Insufficienza renale: non sono richiesti aggiustamenti nelle forme da lieve a moderata; nei casi di insufficienza renale grave dati limitati, usare cautela.<\/li>\n<li>Insufficienza epatica: usare con cautela; monitorare funzione epatica.<\/li>\n<li>Donazioni di sangue: i pazienti in trattamento non devono donare sangue durante la terapia e per almeno 1 mese dopo l\u2019ultima dose per prevenire l\u2019esposizione a donne in gravidanza mediante trasfusione.<\/li>\n<\/ul>\n<h2>Avvertenze e precauzioni<\/h2>\n<ul>\n<li>Prima dell\u2019inizio del trattamento valutare PSA basale e esame prostatico rettale quando indicato. Monitorare PSA periodicamente durante il trattamento.<\/li>\n<li>Finasteride pu\u00f2 occultare il rialzo del PSA associato al carcinoma prostatico: i valori devono essere interpretati considerando una riduzione attesa di circa il 50% dopo 6 mesi di terapia; un incremento del PSA durante il trattamento richiede valutazione.<\/li>\n<li>Se si sviluppano dolore, secrezioni o noduli mammari sospetti, interrompere il farmaco e valutare la possibile patologia mammaria.<\/li>\n<li>Uso concomitante con altri farmaci che abbassano la pressione o alterano la funzione sessuale richiede monitoraggio.<\/li>\n<\/ul>\n<h2>Conservazione e forme<\/h2>\n<p>Forme farmaceutiche disponibili:<\/p>\n<ul>\n<li>Compresse da 1 mg: confezioni blister per uso orale (indicata per alopecia androgenetica maschile).<\/li>\n<li>Compresse da 5 mg: confezioni blister per uso orale (indicata per IPB).<\/li>\n<\/ul>\n<p>Condizioni di conservazione:<\/p>\n<ul>\n<li>Conservare a temperatura ambiente controllata, preferibilmente \u2264 25 \u00b0C.<\/li>\n<li>Proteggere dall\u2019umidit\u00e0 e dalla luce diretta.<\/li>\n<li>Tenere fuori dalla portata dei bambini.<\/li>\n<li>Conservare le compresse integre; non manipolare le compresse se in presenza di donne in gravidanza.<\/li>\n<\/ul>\n<h2>Tabelle riassuntive<\/h2>\n<table>\n<thead>\n<tr>\n<th>Caratteristica<\/th>\n<th>Dato<\/th>\n<\/tr>\n<\/thead>\n<tbody>\n<tr>\n<td>Principio attivo<\/td>\n<td>Finasteride<\/td>\n<\/tr>\n<tr>\n<td>Classe farmacologica<\/td>\n<td>Inibitore della 5\u03b1-reduttasi (tipo II)<\/td>\n<\/tr>\n<tr>\n<td>Via di somministrazione<\/td>\n<td>Orale<\/td>\n<\/tr>\n<tr>\n<td>Emivita<\/td>\n<td>Circa 6\u20138 ore (variabile con l&#8217;et\u00e0)<\/td>\n<\/tr>\n<tr>\n<td>Legame proteico<\/td>\n<td>~90\u201393%<\/td>\n<\/tr>\n<tr>\n<td>Metabolismo<\/td>\n<td>Epatico (CYP3A4 coinvolto)<\/td>\n<\/tr>\n<tr>\n<td>Escrezione<\/td>\n<td>Metaboliti nelle urine e nelle feci<\/td>\n<\/tr>\n<\/tbody>\n<\/table>\n<table>\n<thead>\n<tr>\n<th>Interazione<\/th>\n<th>Consiglio<\/th>\n<\/tr>\n<\/thead>\n<tbody>\n<tr>\n<td>CYP3A4 inibitori\/induttori<\/td>\n<td>Valutare la necessit\u00e0 di monitoraggio clinico; possibile effetto su concentrazione di finasteride<\/td>\n<\/tr>\n<tr>\n<td>Alfa-bloccanti<\/td>\n<td>Uso combinato possibile per IPB; monitorare sintomi e pressione<\/td>\n<\/tr>\n<tr>\n<td>Esami PSA<\/td>\n<td>Interpretare PSA tenendo conto della riduzione indotta da finasteride<\/td>\n<\/tr>\n<\/tbody>\n<\/table>\n<h2>Informazioni per il paziente<\/h2>\n<ul>\n<li>Assumere Finast una volta al giorno alla stessa ora, con o senza cibo.<\/li>\n<li>Non devono usare Finast le donne in gravidanza o potenzialmente gravide; evitare il contatto con compresse frantumate.<\/li>\n<li>Comunicare al medico la comparsa di disturbi sessuali, cambiamenti dell\u2019umore o sintomi mammari.<\/li>\n<li>Non interrompere il trattamento arbitrariamente: informare il medico in caso di decisione di sospendere.<\/li>\n<li>Non donare sangue durante il trattamento e per almeno 1 mese dopo l\u2019ultima dose.<\/li>\n<\/ul>\n","protected":false},"excerpt":{"rendered":"<p>Il farmaco Finast contiene come principio attivo la finasteride; \u00e8 disponibile anche con nomi commerciali come Proscar o Propecia e come finasteride generica. Viene usato principalmente per trattare l&#8217;ingrossamento della prostata (ipertrofia prostatica benigna) e per ridurre la perdita di capelli negli uomini con calvizie androgenetica.<\/p>\n<h2>Prezzo Finast<\/h2>\n<p>La fascia di prezzo stimata per la Finast va da 1.95\u20ac a 2.53\u20ac per pillole. Ci\u00f2 si basa sulle dimensioni della confezione e sulla concentrazione di principi attivi (30 o 270 pillole; 5mg).<\/p>\n","protected":false},"featured_media":551,"comment_status":"open","ping_status":"closed","template":"","meta":{"site-sidebar-layout":"default","site-content-layout":"","ast-site-content-layout":"default","site-content-style":"default","site-sidebar-style":"default","ast-global-header-display":"","ast-banner-title-visibility":"","ast-main-header-display":"","ast-hfb-above-header-display":"","ast-hfb-below-header-display":"","ast-hfb-mobile-header-display":"","site-post-title":"","ast-breadcrumbs-content":"","ast-featured-img":"","footer-sml-layout":"","ast-disable-related-posts":"","theme-transparent-header-meta":"","adv-header-id-meta":"","stick-header-meta":"","header-above-stick-meta":"","header-main-stick-meta":"","header-below-stick-meta":"","astra-migrate-meta-layouts":"default","ast-page-background-enabled":"default","ast-page-background-meta":{"desktop":{"background-color":"var(--ast-global-color-5)","background-image":"","background-repeat":"repeat","background-position":"center center","background-size":"auto","background-attachment":"scroll","background-type":"","background-media":"","overlay-type":"","overlay-color":"","overlay-opacity":"","overlay-gradient":""},"tablet":{"background-color":"","background-image":"","background-repeat":"repeat","background-position":"center center","background-size":"auto","background-attachment":"scroll","background-type":"","background-media":"","overlay-type":"","overlay-color":"","overlay-opacity":"","overlay-gradient":""},"mobile":{"background-color":"","background-image":"","background-repeat":"repeat","background-position":"center center","background-size":"auto","background-attachment":"scroll","background-type":"","background-media":"","overlay-type":"","overlay-color":"","overlay-opacity":"","overlay-gradient":""}},"ast-content-background-meta":{"desktop":{"background-color":"var(--ast-global-color-4)","background-image":"","background-repeat":"repeat","background-position":"center center","background-size":"auto","background-attachment":"scroll","background-type":"","background-media":"","overlay-type":"","overlay-color":"","overlay-opacity":"","overlay-gradient":""},"tablet":{"background-color":"var(--ast-global-color-4)","background-image":"","background-repeat":"repeat","background-position":"center center","background-size":"auto","background-attachment":"scroll","background-type":"","background-media":"","overlay-type":"","overlay-color":"","overlay-opacity":"","overlay-gradient":""},"mobile":{"background-color":"var(--ast-global-color-4)","background-image":"","background-repeat":"repeat","background-position":"center center","background-size":"auto","background-attachment":"scroll","background-type":"","background-media":"","overlay-type":"","overlay-color":"","overlay-opacity":"","overlay-gradient":""}}},"product_brand":[],"product_cat":[131],"product_tag":[],"class_list":{"0":"post-521","1":"product","2":"type-product","3":"status-publish","4":"has-post-thumbnail","6":"product_cat-salute-delluomo","7":"desktop-align-left","8":"tablet-align-left","9":"mobile-align-left","11":"first","12":"instock","13":"shipping-taxable","14":"product-type-external"},"_links":{"self":[{"href":"https:\/\/www.farmaciatrerotola.it\/online\/wp-json\/wp\/v2\/product\/521","targetHints":{"allow":["GET"]}}],"collection":[{"href":"https:\/\/www.farmaciatrerotola.it\/online\/wp-json\/wp\/v2\/product"}],"about":[{"href":"https:\/\/www.farmaciatrerotola.it\/online\/wp-json\/wp\/v2\/types\/product"}],"replies":[{"embeddable":true,"href":"https:\/\/www.farmaciatrerotola.it\/online\/wp-json\/wp\/v2\/comments?post=521"}],"wp:featuredmedia":[{"embeddable":true,"href":"https:\/\/www.farmaciatrerotola.it\/online\/wp-json\/wp\/v2\/media\/551"}],"wp:attachment":[{"href":"https:\/\/www.farmaciatrerotola.it\/online\/wp-json\/wp\/v2\/media?parent=521"}],"wp:term":[{"taxonomy":"product_brand","embeddable":true,"href":"https:\/\/www.farmaciatrerotola.it\/online\/wp-json\/wp\/v2\/product_brand?post=521"},{"taxonomy":"product_cat","embeddable":true,"href":"https:\/\/www.farmaciatrerotola.it\/online\/wp-json\/wp\/v2\/product_cat?post=521"},{"taxonomy":"product_tag","embeddable":true,"href":"https:\/\/www.farmaciatrerotola.it\/online\/wp-json\/wp\/v2\/product_tag?post=521"}],"curies":[{"name":"wp","href":"https:\/\/api.w.org\/{rel}","templated":true}]}}